{"id":74,"date":"2013-06-28T11:19:58","date_gmt":"2013-06-28T11:19:58","guid":{"rendered":"https:\/\/www.bmbinvestment.com\/bmb-indian\/?page_id=74"},"modified":"2015-11-05T12:28:39","modified_gmt":"2015-11-05T12:28:39","slug":"about-us","status":"publish","type":"page","link":"https:\/\/www.bmbinvestment.com\/es\/about-us\/","title":{"rendered":"Nuestra Compa\u00f1\u00eda"},"content":{"rendered":"<p><\/p>\n<h3>BMB cuenta con una trayectoria demostrable de <span style=\"color: #ff9900;\">detectar oportunidades<\/span> en tiempos de incertidumbre, y <span style=\"color: #ff9900;\">obtener altos rendimientos<\/span> con Alfa y Beta.<\/h3>\n<p><strong><br \/>\nBMB<\/strong> es una empresa dedicada a la gesti\u00f3n de patrimonio con oficinas en Berl\u00edn y Barcelona. Fue fundada en 2006 para gestionar proyectos con riesgo controlado y con un doble potencial de crecimiento: el valor intr\u00ednseco proporcionado por una oportunidad bien localizada, y la creaci\u00f3n de valor que BMB puede aportar al proyecto.<\/p>\n<p>[pullright] <strong>Por qu\u00e9 BMB?<\/strong><br \/>\nEquipo ejecutivo con amplia experiencia internacional en:<\/p>\n<ul>\n<li style=\"list-style-type: disc;\">Asesoramiento Jur\u00eddico\/Legal<\/li>\n<li style=\"list-style-type: disc;\">Due Diligence &amp; Fondos Estructurados<\/li>\n<li style=\"list-style-type: disc;\">Desarrollo<\/li>\n<li style=\"list-style-type: disc;\">Estudios Jur\u00eddicos<\/li>\n<li style=\"list-style-type: disc;\">Conocimiento del Mercado<\/li>\n<li style=\"list-style-type: disc;\">Negociaci\u00f3n &amp; cierre de Tratas<\/li>\n<li style=\"list-style-type: disc;\">Ventas Internacionales y Marketing<\/li>\n<\/ul>\n<p>[\/pullright]<\/p>\n<p>&nbsp;<\/p>\n<p style=\"text-align: center;\"><strong><em>\u201cNos esforzamos por ofrecer y gestionar las oportunidades de inversi\u00f3n rentables y sostenibles\u201d<\/br> &#8211; Josep Borrell<\/em><\/strong><\/p>\n<p>&nbsp;<\/p>\n<ul>\n<li>S\u00f3lo invertimos en las \u00e1reas prime de las principales ciudades, en las que tenemos presencia local, como Berl\u00edn y Barcelona.<\/li>\n<li>Solamente invertimos en core product, con unos ingresos sostenibles y un reducido componente especulativo.<\/li>\n<li>S\u00f3lo invertimos si podemos aumentar la rentabilidad del mercado con nuestro valor a\u00f1adido. De lo contrario nos mantenemos alejados .<\/li>\n<li>Nuestras inversiones han obtenido resultados positivos a\u00f1o tras a\u00f1o a pesar de la situaci\u00f3n econ\u00f3mica desfavorable. Nuestro historial habla por s\u00ed mismo.<\/li>\n<\/ul>\n<p style=\"text-align: justify;\">Tenemos un historial demostrable detectando oportunidades en tiempos de incertidumbre, y en obtener altos rendimientos con Alfa y Beta en Berl\u00edn y en Barcelona. Tenemos una significativa experiencia operativa en la gesti\u00f3n de carteras, un importante conocimiento de la regulaci\u00f3n legal local en un marco cambiante, profundo conocimiento del mercado inmobiliario en ambas ciudades y experiencia en deal flow a trav\u00e9s de una red de agentes cuidadosamente elaborada mientras mantenemos el esp\u00edritu de una boutique de team leaders profesionales.<\/p>\n<p><\/br><\/p>\n<p><img loading=\"lazy\" src=\"https:\/\/www.bmbinvestment.com\/wp-content\/uploads\/2013\/06\/estadillo_esp.jpg\" alt=\"estadillo_esp\" width=\"916\" height=\"310\" class=\"alignnone size-full wp-image-788\" srcset=\"https:\/\/www.bmbinvestment.com\/wp-content\/uploads\/2013\/06\/estadillo_esp.jpg 916w, https:\/\/www.bmbinvestment.com\/wp-content\/uploads\/2013\/06\/estadillo_esp-300x102.jpg 300w, https:\/\/www.bmbinvestment.com\/wp-content\/uploads\/2013\/06\/estadillo_esp-600x203.jpg 600w\" sizes=\"(max-width: 916px) 100vw, 916px\" \/><\/p>","protected":false},"excerpt":{"rendered":"<p>BMB cuenta con una trayectoria demostrable de detectar oportunidades en tiempos de incertidumbre, y obtener altos rendimientos con Alfa y Beta. BMB es una empresa dedicada a la gesti\u00f3n de&hellip;<a href=\"https:\/\/www.bmbinvestment.com\/es\/about-us\/\" class=\"more-link\"><span class=\"more-button\">Continue reading<span class=\"screen-reader-text\">Nuestra Compa\u00f1\u00eda<\/span><\/span><\/a><\/p>\n","protected":false},"author":1,"featured_media":0,"parent":0,"menu_order":0,"comment_status":"closed","ping_status":"closed","template":"","meta":[],"_links":{"self":[{"href":"https:\/\/www.bmbinvestment.com\/es\/wp-json\/wp\/v2\/pages\/74"}],"collection":[{"href":"https:\/\/www.bmbinvestment.com\/es\/wp-json\/wp\/v2\/pages"}],"about":[{"href":"https:\/\/www.bmbinvestment.com\/es\/wp-json\/wp\/v2\/types\/page"}],"author":[{"embeddable":true,"href":"https:\/\/www.bmbinvestment.com\/es\/wp-json\/wp\/v2\/users\/1"}],"replies":[{"embeddable":true,"href":"https:\/\/www.bmbinvestment.com\/es\/wp-json\/wp\/v2\/comments?post=74"}],"version-history":[{"count":79,"href":"https:\/\/www.bmbinvestment.com\/es\/wp-json\/wp\/v2\/pages\/74\/revisions"}],"predecessor-version":[{"id":1363,"href":"https:\/\/www.bmbinvestment.com\/es\/wp-json\/wp\/v2\/pages\/74\/revisions\/1363"}],"wp:attachment":[{"href":"https:\/\/www.bmbinvestment.com\/es\/wp-json\/wp\/v2\/media?parent=74"}],"curies":[{"name":"wp","href":"https:\/\/api.w.org\/{rel}","templated":true}]}}