{"id":177,"date":"2013-07-01T10:30:58","date_gmt":"2013-07-01T10:30:58","guid":{"rendered":"https:\/\/www.bmbinvestment.com\/bmb-indian\/?page_id=177"},"modified":"2015-11-05T12:48:11","modified_gmt":"2015-11-05T12:48:11","slug":"funds-portfoli","status":"publish","type":"page","link":"https:\/\/www.bmbinvestment.com\/es\/funds-portfoli\/","title":{"rendered":"Fondos &#038; Cartera"},"content":{"rendered":"<p><\/p>\n<h2><span id=\"op1\" style=\"color: #ff9900;\">Optimum 1, Berl\u00edn<\/span><\/h2>\n<p><img loading=\"lazy\" class=\"alignleft size-full wp-image-443\" alt=\"optimum1\" src=\"https:\/\/www.bmbinvestment.com\/wp-content\/uploads\/2013\/07\/optimum1.jpg\" width=\"915\" height=\"222\" srcset=\"https:\/\/www.bmbinvestment.com\/wp-content\/uploads\/2013\/07\/optimum1.jpg 915w, https:\/\/www.bmbinvestment.com\/wp-content\/uploads\/2013\/07\/optimum1-300x73.jpg 300w, https:\/\/www.bmbinvestment.com\/wp-content\/uploads\/2013\/07\/optimum1-600x146.jpg 600w\" sizes=\"(max-width: 915px) 100vw, 915px\" \/><\/p>\n<p style=\"text-align:justify\">OPTIMUM BERLIN S.A. gestiona fondos por un valor total de 60M\u20ac compuesto de 26 edificios, 540 unidades, 43.152 m&sup2; de espacio alquilable, en la ciudad de Berl\u00edn. Fue fundada en diciembre de 2006 y en la actualidad est\u00e1 completamente invertido. La gesti\u00f3n y el personal est\u00e1n ahora enfocados en la fase de optimizaci\u00f3n del proyecto que supone, entre otras cosas, realizar las reformas necesarias a algunos edificios y optimizar los ingresos por alquiler. Hemos vendido con \u00e9xito algunos de los edificios y reinvertido sus beneficios.<\/p>\n<div class=\"divider solid divider_left\" style=\"margin-bottom:25px\"><\/div>\n<h2><span id=\"op2\" style=\"color: #ff9900;\">Optimum 2, Berl\u00edn<\/span><\/h2>\n<p><img loading=\"lazy\" class=\"alignleft size-full wp-image-444\" alt=\"optimum2\" src=\"https:\/\/www.bmbinvestment.com\/wp-content\/uploads\/2013\/07\/optimum2.jpg\" width=\"915\" height=\"222\" srcset=\"https:\/\/www.bmbinvestment.com\/wp-content\/uploads\/2013\/07\/optimum2.jpg 915w, https:\/\/www.bmbinvestment.com\/wp-content\/uploads\/2013\/07\/optimum2-300x73.jpg 300w, https:\/\/www.bmbinvestment.com\/wp-content\/uploads\/2013\/07\/optimum2-600x146.jpg 600w\" sizes=\"(max-width: 915px) 100vw, 915px\" \/><\/p>\n<p style=\"text-align:justify\">OPTIMUM BERLIN PROPERTY TWO, S.A. gestiona fondos con un valor total de 60M\u20ac de la Uni\u00f3n Europea compuesto por 26 edificios, 585 unidades, 45.036 m2 de espacio alquilable en la ciudad de berl\u00edn. Se fund\u00f3 en Abril del 2007 y en la actualidad est\u00e1 completamente invertido. La gesti\u00f3n y el personal est\u00e1n ahora enfocados en la fase de optimizaci\u00f3n del proyecto que supone, entre otras cosas, realizar las reformas necesarias en los edificios y optimizar y estabilizar los ingresos de rentas. Hemos vendido con \u00e9xito algunos de los edificios y reinvertido sus beneficios.<\/p>\n<div class=\"divider solid divider_left\" style=\"margin-bottom:25px\"><\/div>\n<h2><span id=\"op3\" style=\"color: #ff9900;\">Optimum 3, Barcelona<\/span><\/h2>\n<p><img loading=\"lazy\" class=\"alignleft size-full wp-image-528\" alt=\"optimum3\" src=\"https:\/\/www.bmbinvestment.com\/wp-content\/uploads\/2015\/04\/optimum31-2.jpg\" width=\"915\" height=\"222\" \/><\/p>\n<p style=\"text-align:justify\">Aprovechando la ca\u00edda de precios del mercado inmobiliario de Barcelona, BMB lanza su tercer fondo, EURO RE OPTIMUM III, Barcelona, enfocando su experiencia en el mercado residencial de Barcelona. BMB combina su dilatada experiencia operativa y su conocimiento del deal flow de Barcelona para invertir en propiedades residenciales en alquiler adquiridas a precios inferiores a los de mercado aportando su contrastada experiencia en optimizaci\u00f3n y venta de la cartera en Barcelona. Es un fondo hecho a medida para inversores privados y family offices.<\/p>\n<div class=\"divider solid divider_left\" style=\"margin-bottom:25px\"><\/div>\n<h2><span id=\"op4\" style=\"color: #ff9900;\">Optimum RE Spain, SOCIMI, Barcelona y Madrid<\/span><\/h2>\n<p><img loading=\"lazy\" class=\"alignleft size-full wp-image-529\" alt=\"optimum4\" src=\"https:\/\/www.bmbinvestment.com\/wp-content\/uploads\/2015\/04\/optimum4-2.jpg\" width=\"915\" height=\"222\" \/><\/p>\n<p style=\"text-align:justify\">OPTIMUM RE SPAIN, SOCIMI es una sociedad situada en Espa\u00f1a. El objetivo del Fondo es proporcionar el riesgo ajustado a los retornos derivados de la renta de alquiler y la revalorizaci\u00f3n del capital generado a partir de la adquisici\u00f3n selectiva y gesti\u00f3n activa de las propiedades residenciales en Barcelona y Madrid, Espa\u00f1a. Este fondo est\u00e1 hecho a medida para los inversores institucionales, pero tambi\u00e9n est\u00e1 abierto a los inversores privados de la UE con m\u00e1s de 500.000\u20ac. <a href=\"https:\/\/www.bmbinvestment.com\/bmb-indian\/wp-content\/uploads\/2013\/07\/Teaser-EURO-RE-IV-Espanol.pdf\">Teaser Optimum RE Spain, SOCIMI<\/a><\/p>\n<div class=\"divider solid divider_left\" style=\"margin-bottom:25px\"><\/div>\n<h2><span id=\"op5\" style=\"color: #ff9900;\">Optimum Evolution, Berl\u00edn<\/span><\/h2>\n<p><img loading=\"lazy\" alt=\"optimumE\" src=\"https:\/\/www.bmbinvestment.com\/wp-content\/uploads\/2013\/07\/optimumE.jpg\" width=\"915\" height=\"222\" \/><\/p>\n<p style=\"text-align:justify\">Optimum Evolution  es un fondo completamente basado en Luxemburgo, enfocado a propiedades residenciales en Berl\u00edn. El objetivo de este fondo es proporcionar, de medio a largo plazo, la revaloraci\u00f3n de capital as\u00ed como el reparto de beneficios durante la vida de la inversi\u00f3n. El fondo ha completado recientemnte la fase de inversi\u00f3n y actualmente est\u00e1 siendo optimizado. La cartera adquirida tiene m\u00e1s de 1.000 unidades por un valor superior a 150M \u20ac, predominantemente localizadas en las principales areas del centro de Berl\u00edn.<\/p>\n<div class=\"divider solid divider_left\" style=\"margin-bottom:25px\"><\/div>\n<h2><span id=\"op6\" style=\"color: #ff9900;\">Pedrusken, Berl\u00edn<\/span><\/h2>\n<p><img loading=\"lazy\" class=\"alignleft size-full wp-image-442\" alt=\"muntatge-fotos\" src=\"https:\/\/www.bmbinvestment.com\/wp-content\/uploads\/2013\/07\/muntatge-fotos.jpg\" width=\"915\" height=\"222\" srcset=\"https:\/\/www.bmbinvestment.com\/wp-content\/uploads\/2013\/07\/muntatge-fotos.jpg 915w, https:\/\/www.bmbinvestment.com\/wp-content\/uploads\/2013\/07\/muntatge-fotos-300x73.jpg 300w, https:\/\/www.bmbinvestment.com\/wp-content\/uploads\/2013\/07\/muntatge-fotos-600x146.jpg 600w\" sizes=\"(max-width: 915px) 100vw, 915px\" \/><\/p>\n<p style=\"text-align:justify\">Cartera basada en Berl\u00edn. Su objetivo es ofrecer una inversi\u00f3n con un riesgo ajustado a sus ingresos procedente de la adquisici\u00f3n selectiva y la gesti\u00f3n activa de las propiedades residenciales en Berl\u00edn. La cartera se cre\u00f3 en 2006 y est\u00e1 totalmente invertida.<\/p>\n<div class=\"divider solid divider_left\" style=\"margin-bottom:25px\"><\/div>\n<h2><span id=\"op7\" style=\"color: #ff9900;\">C &amp; B, Berl\u00edn<\/span><\/h2>\n<p><img loading=\"lazy\" class=\"alignleft size-full wp-image-441\" alt=\"cib\" src=\"https:\/\/www.bmbinvestment.com\/wp-content\/uploads\/2013\/07\/cib.jpg\" width=\"915\" height=\"222\" srcset=\"https:\/\/www.bmbinvestment.com\/wp-content\/uploads\/2013\/07\/cib.jpg 915w, https:\/\/www.bmbinvestment.com\/wp-content\/uploads\/2013\/07\/cib-300x73.jpg 300w, https:\/\/www.bmbinvestment.com\/wp-content\/uploads\/2013\/07\/cib-600x146.jpg 600w\" sizes=\"(max-width: 915px) 100vw, 915px\" \/><\/p>\n<p style=\"text-align:justify\">Crawdor &amp; Braemer es una cartera basada en Berl\u00edn. Su objetivo es ofrecer una inversi\u00f3n con un riesgo ajustado a sus ingresos procedente de la adquisici\u00f3n selectiva y la gesti\u00f3n activa de las propiedades residenciales en Berl\u00edn. La cartera se cre\u00f3 en 2013 y est\u00e1 totalmente invertida.<\/p>\n<p><\/p>","protected":false},"excerpt":{"rendered":"<p>Optimum 1, Berl\u00edn OPTIMUM BERLIN S.A. gestiona fondos por un valor total de 60M\u20ac compuesto de 26 edificios, 540 unidades, 43.152 m&sup2; de espacio alquilable, en la ciudad de Berl\u00edn.&hellip;<a href=\"https:\/\/www.bmbinvestment.com\/es\/funds-portfoli\/\" class=\"more-link\"><span class=\"more-button\">Continue reading<span class=\"screen-reader-text\">Fondos &#038; Cartera<\/span><\/span><\/a><\/p>\n","protected":false},"author":1,"featured_media":0,"parent":0,"menu_order":0,"comment_status":"closed","ping_status":"closed","template":"","meta":[],"_links":{"self":[{"href":"https:\/\/www.bmbinvestment.com\/es\/wp-json\/wp\/v2\/pages\/177"}],"collection":[{"href":"https:\/\/www.bmbinvestment.com\/es\/wp-json\/wp\/v2\/pages"}],"about":[{"href":"https:\/\/www.bmbinvestment.com\/es\/wp-json\/wp\/v2\/types\/page"}],"author":[{"embeddable":true,"href":"https:\/\/www.bmbinvestment.com\/es\/wp-json\/wp\/v2\/users\/1"}],"replies":[{"embeddable":true,"href":"https:\/\/www.bmbinvestment.com\/es\/wp-json\/wp\/v2\/comments?post=177"}],"version-history":[{"count":87,"href":"https:\/\/www.bmbinvestment.com\/es\/wp-json\/wp\/v2\/pages\/177\/revisions"}],"predecessor-version":[{"id":1380,"href":"https:\/\/www.bmbinvestment.com\/es\/wp-json\/wp\/v2\/pages\/177\/revisions\/1380"}],"wp:attachment":[{"href":"https:\/\/www.bmbinvestment.com\/es\/wp-json\/wp\/v2\/media?parent=177"}],"curies":[{"name":"wp","href":"https:\/\/api.w.org\/{rel}","templated":true}]}}