{"id":12,"date":"2013-06-27T09:03:44","date_gmt":"2013-06-27T09:03:44","guid":{"rendered":"https:\/\/www.bmbinvestment.com\/bmb-indian\/?page_id=12"},"modified":"2015-10-29T12:53:35","modified_gmt":"2015-10-29T12:53:35","slug":"contact","status":"publish","type":"page","link":"https:\/\/www.bmbinvestment.com\/en\/contact\/","title":{"rendered":"Contact"},"content":{"rendered":"<p>[box_half]<\/p>\n<h2>Barcelona<\/h2>\n<p><strong>BMB INVESTMENT MANAGEMENT<\/strong>, <strong>Barcelona<\/strong><br \/>\nPasseig de Gr\u00e0cia, 77 5\u00aa planta &#8211; 08008 Barcelona Spain<br \/>\nTel: +34 93 368 85 62 Fax: +34 93 368 38 59<br \/>\n<a href=\"mailto: bmb@bmbinvestment.com\"> bmb@bmbinvestment.com<\/a><\/p>\n<p>&nbsp;<\/p>\n<p><iframe loading=\"lazy\" src=\"https:\/\/www.google.com\/maps\/embed?pb=!1m18!1m12!1m3!1d2993.08256825595!2d2.162144500000012!3d41.39401319999998!2m3!1f0!2f0!3f0!3m2!1i1024!2i768!4f13.1!3m3!1m2!1s0x12a4a293a83fa3d7%3A0xd72dd11a03d54967!2sPasseig+de+Gr%C3%A0cia%2C+77%2C+08008+Barcelona!5e0!3m2!1ses!2ses!4v1432050078838\" width=\"600\" height=\"450\" frameborder=\"0\" style=\"border:0\"><\/iframe><br \/><small><a href=\"https:\/\/www.google.com\/maps\/place\/Passeig+de+Gr%C3%A0cia,+77,+08008+Barcelona,+Espanya\/@41.3940387,2.1617977,18z\/data=!4m2!3m1!1s0x12a4a293a836c781:0x410f88a41166b3cd\" target=\"_blank\">Show larger map<\/a><\/small><\/p>\n<div style=\"margin-top: 15px; border: thin dotted #CCC;\"><\/div>\n<p>[\/box_half] [box_half class=&#8221;last&#8221;]<\/p>\n<h2>Contact<\/h2>\n<div role=\"form\" class=\"wpcf7\" id=\"wpcf7-f643-o1\" lang=\"en-US\" dir=\"ltr\">\n<div class=\"screen-reader-response\"><p role=\"status\" aria-live=\"polite\" aria-atomic=\"true\"><\/p> <ul><\/ul><\/div>\n<form action=\"\/en\/wp-json\/wp\/v2\/pages\/12#wpcf7-f643-o1\" method=\"post\" class=\"wpcf7-form init\" novalidate=\"novalidate\" data-status=\"init\">\n<div style=\"display: none;\">\n<input type=\"hidden\" name=\"_wpcf7\" value=\"643\" \/>\n<input type=\"hidden\" name=\"_wpcf7_version\" value=\"5.5.6\" \/>\n<input type=\"hidden\" name=\"_wpcf7_locale\" value=\"en_US\" \/>\n<input type=\"hidden\" name=\"_wpcf7_unit_tag\" value=\"wpcf7-f643-o1\" \/>\n<input type=\"hidden\" name=\"_wpcf7_container_post\" value=\"0\" \/>\n<input type=\"hidden\" name=\"_wpcf7_posted_data_hash\" value=\"\" \/>\n<\/div>\n<p>Your Name (required)<br \/>\n    <span class=\"wpcf7-form-control-wrap your-name\"><input type=\"text\" name=\"your-name\" value=\"\" size=\"40\" class=\"wpcf7-form-control wpcf7-text wpcf7-validates-as-required\" aria-required=\"true\" aria-invalid=\"false\" \/><\/span> <\/p>\n<p>Your Email (required)<br \/>\n    <span class=\"wpcf7-form-control-wrap your-email\"><input type=\"email\" name=\"your-email\" value=\"\" size=\"40\" class=\"wpcf7-form-control wpcf7-text wpcf7-email wpcf7-validates-as-required wpcf7-validates-as-email\" aria-required=\"true\" aria-invalid=\"false\" \/><\/span> <\/p>\n<p>Subject<br \/>\n    <span class=\"wpcf7-form-control-wrap your-subject\"><input type=\"text\" name=\"your-subject\" value=\"\" size=\"40\" class=\"wpcf7-form-control wpcf7-text\" aria-invalid=\"false\" \/><\/span> <\/p>\n<p>Your Message<br \/>\n    <span class=\"wpcf7-form-control-wrap your-message\"><textarea name=\"your-message\" cols=\"40\" rows=\"10\" class=\"wpcf7-form-control wpcf7-textarea\" aria-invalid=\"false\"><\/textarea><\/span> <\/p>\n<p>FORMULARIO DE CONTACTO:<br \/>\nINFORMACI\u00d3N PROTECCI\u00d3N DE DATOS<br \/>\nFinalidades: Responder a sus solicitudes y remitirle informaci\u00f3n comercial de nuestros productos y servicios, incluso por medios electr\u00f3nicos. Derechos:  Puede retirar su consentimiento, as\u00ed como acceder, rectificar, suprimir sus datos y dem\u00e1s derechos en bmb@bmbinvestment.com. M\u00e1s Info en https:\/\/www.bmbinvestment.com\/es\/politica-de-privacidad\/.<br \/>\n<span class=\"wpcf7-form-control-wrap acceptance-555\"><span class=\"wpcf7-form-control wpcf7-acceptance\"><span class=\"wpcf7-list-item\"><label><input type=\"checkbox\" name=\"acceptance-555\" value=\"1\" aria-invalid=\"false\" checked=\"checked\" \/><span class=\"wpcf7-list-item-label\">Acepto recibir informaci\u00f3n comercial, incluso por medios electr\u00f3nico.<\/span><\/label><\/span><\/span><\/span><br \/>\n<span class=\"wpcf7-form-control-wrap acceptance-555\"><span class=\"wpcf7-form-control wpcf7-acceptance\"><span class=\"wpcf7-list-item\"><label><input type=\"checkbox\" name=\"acceptance-555\" value=\"1\" aria-invalid=\"false\" \/><span class=\"wpcf7-list-item-label\">He le\u00eddo y acepto la Pol\u00edtica de Privacidad.<\/span><\/label><\/span><\/span><\/span><\/p>\n<p><input type=\"submit\" value=\"Send\" class=\"wpcf7-form-control has-spinner wpcf7-submit\" \/><\/p>\n<div class=\"wpcf7-response-output\" aria-hidden=\"true\"><\/div><\/form><\/div>\n<div style=\"margin-top: 20px; border: thin dotted #CCC;\"><\/div>\n<p>[\/box_half]<\/p>","protected":false},"excerpt":{"rendered":"<p>[box_half] Barcelona BMB INVESTMENT MANAGEMENT, Barcelona Passeig de Gr\u00e0cia, 77 5\u00aa planta &#8211; 08008 Barcelona Spain Tel: +34 93 368 85 62 Fax: +34 93 368 38 59 bmb@bmbinvestment.com &nbsp;&hellip;<a href=\"https:\/\/www.bmbinvestment.com\/en\/contact\/\" class=\"more-link\"><span class=\"more-button\">Continue reading<span class=\"screen-reader-text\">Contact<\/span><\/span><\/a><\/p>\n","protected":false},"author":1,"featured_media":0,"parent":0,"menu_order":0,"comment_status":"closed","ping_status":"closed","template":"","meta":[],"_links":{"self":[{"href":"https:\/\/www.bmbinvestment.com\/en\/wp-json\/wp\/v2\/pages\/12"}],"collection":[{"href":"https:\/\/www.bmbinvestment.com\/en\/wp-json\/wp\/v2\/pages"}],"about":[{"href":"https:\/\/www.bmbinvestment.com\/en\/wp-json\/wp\/v2\/types\/page"}],"author":[{"embeddable":true,"href":"https:\/\/www.bmbinvestment.com\/en\/wp-json\/wp\/v2\/users\/1"}],"replies":[{"embeddable":true,"href":"https:\/\/www.bmbinvestment.com\/en\/wp-json\/wp\/v2\/comments?post=12"}],"version-history":[{"count":100,"href":"https:\/\/www.bmbinvestment.com\/en\/wp-json\/wp\/v2\/pages\/12\/revisions"}],"predecessor-version":[{"id":1353,"href":"https:\/\/www.bmbinvestment.com\/en\/wp-json\/wp\/v2\/pages\/12\/revisions\/1353"}],"wp:attachment":[{"href":"https:\/\/www.bmbinvestment.com\/en\/wp-json\/wp\/v2\/media?parent=12"}],"curies":[{"name":"wp","href":"https:\/\/api.w.org\/{rel}","templated":true}]}}